{"id":2914,"date":"2024-11-27T18:45:29","date_gmt":"2024-11-27T15:45:29","guid":{"rendered":"https:\/\/parlakev.com\/?post_type=product&#038;p=2914"},"modified":"2024-11-27T18:45:38","modified_gmt":"2024-11-27T15:45:38","slug":"milas-kose-takimi","status":"publish","type":"product","link":"https:\/\/parlakev.com\/en\/product\/milas-kose-takimi\/","title":{"rendered":"Milas K\u00f6\u015fe Tak\u0131m\u0131"},"content":{"rendered":"","protected":false},"excerpt":{"rendered":"","protected":false},"featured_media":0,"template":"","meta":[],"product_cat":[24],"product_tag":[],"_links":{"self":[{"href":"https:\/\/parlakev.com\/en\/wp-json\/wp\/v2\/product\/2914"}],"collection":[{"href":"https:\/\/parlakev.com\/en\/wp-json\/wp\/v2\/product"}],"about":[{"href":"https:\/\/parlakev.com\/en\/wp-json\/wp\/v2\/types\/product"}],"wp:attachment":[{"href":"https:\/\/parlakev.com\/en\/wp-json\/wp\/v2\/media?parent=2914"}],"wp:term":[{"taxonomy":"product_cat","embeddable":true,"href":"https:\/\/parlakev.com\/en\/wp-json\/wp\/v2\/product_cat?post=2914"},{"taxonomy":"product_tag","embeddable":true,"href":"https:\/\/parlakev.com\/en\/wp-json\/wp\/v2\/product_tag?post=2914"}],"curies":[{"name":"wp","href":"https:\/\/api.w.org\/{rel}","templated":true}]}}