{"id":29,"date":"2018-02-06T20:15:21","date_gmt":"2018-02-06T17:15:21","guid":{"rendered":"http:\/\/parlakev.com\/?page_id=29"},"modified":"2021-10-19T16:56:01","modified_gmt":"2021-10-19T13:56:01","slug":"iletisim","status":"publish","type":"page","link":"https:\/\/parlakev.com\/en\/iletisim\/","title":{"rendered":"Contact"},"content":{"rendered":"<div id=\"iletisimsayfasi\" data-vc-full-width=\"true\" data-vc-full-width-init=\"false\" data-vc-stretch-content=\"true\" class=\"vc_row wpb_row vc_row-fluid vc_row-no-padding\"><div class=\"wpb_column vc_column_container vc_col-sm-12\"><div class=\"vc_column-inner\"><div class=\"wpb_wrapper\"><div class=\"vc_row wpb_row vc_inner vc_row-fluid vc_column-gap-35\"><div class=\"wpb_column vc_column_container vc_col-sm-2\"><div class=\"vc_column-inner\"><div class=\"wpb_wrapper\"><\/div><\/div><\/div><div class=\"wpb_column vc_column_container vc_col-sm-8\"><div class=\"vc_column-inner\"><div class=\"wpb_wrapper\">\n\t<div class=\"wpb_text_column wpb_content_element\" >\n\t\t<div class=\"wpb_wrapper\">\n\t\t\t<h2><strong>Contact<\/strong><\/h2>\n\n\t\t<\/div>\n\t<\/div>\n<\/div><\/div><\/div><div class=\"wpb_column vc_column_container vc_col-sm-2\"><div class=\"vc_column-inner\"><div class=\"wpb_wrapper\"><\/div><\/div><\/div><\/div><div class=\"vc_row wpb_row vc_inner vc_row-fluid vc_column-gap-35 vc_row-o-content-middle vc_row-flex\"><div class=\"wpb_column vc_column_container vc_col-sm-2\"><div class=\"vc_column-inner\"><div class=\"wpb_wrapper\"><\/div><\/div><\/div><div class=\"wpb_column vc_column_container vc_col-sm-4\"><div class=\"vc_column-inner\"><div class=\"wpb_wrapper\"><div class=\"wpb_gmaps_widget wpb_content_element\" >\n\t\t<div class=\"wpb_wrapper\">\n\t\t<div class=\"wpb_map_wraper\">\n\t\t\t<iframe src=\"https:\/\/www.google.com\/maps\/embed?pb=!1m14!1m8!1m3!1d6105.861927148846!2d29.525534999999998!3d40.076952!3m2!1i1024!2i768!4f13.1!3m3!1m2!1s0x0%3A0x6d89cee1be8ef634!2sParlak%20Ev%20Mobilya%20%C4%B0neg%C3%B6l!5e0!3m2!1str!2str!4v1585207104155!5m2!1str!2str\" width=\"400\" height=\"600\" frameborder=\"0\" style=\"border:0;\" allowfullscreen=\"\" aria-hidden=\"false\" tabindex=\"0\"><\/iframe>\t\t<\/div>\n\t<\/div>\n<\/div>\n<\/div><\/div><\/div><div class=\"wpb_column vc_column_container vc_col-sm-4\"><div class=\"vc_column-inner\"><div class=\"wpb_wrapper\">\n\t<div class=\"wpb_text_column wpb_content_element\" >\n\t\t<div class=\"wpb_wrapper\">\n\t\t\t<h2><strong>Factory<\/strong><\/h2>\n<p>Ankara Cad. No: 90 Ineg\u00f6l \/ Bursa \/ Turkey<br \/>\nPhone: <a href=\"tel:02247151348\">+90 224 715 1348<\/a><br \/>\nFax: +90 224 715 1773<br \/>\nE-mail:<a href=\"mailto:info@parlakev.com\"> info@parlakev.com<\/a><br \/>\n<a href=\"mailto:perakende@parlakev.com\">perakende@parlakev.com<\/a><br \/>\n<a href=\"mailto:export@parlakev.com\">export@parlakev.com<\/a><\/p>\n<p>&nbsp;<\/p>\n<h2><strong>Ineg\u00f6l Shop<\/strong><\/h2>\n<p>Ankara Cad. No: 90 Ineg\u00f6l \/ Bursa \/ Turkey<br \/>\nPhone: <a href=\"tel:02247151348\">+90 224 715 1348<\/a><br \/>\nPocket: <a href=\"tel:05497151348\">+90 549 715 1348<\/a><br \/>\n<a href=\"https:\/\/parlakev.com\/en\/inegol-magaza\/\">360\u00b0 Sanal Tur \u0130\u00e7in T\u0131klay\u0131n\u0131z<\/a><\/p>\n<p>&nbsp;<\/p>\n\n\t\t<\/div>\n\t<\/div>\n<\/div><\/div><\/div><div class=\"wpb_column vc_column_container vc_col-sm-2\"><div class=\"vc_column-inner\"><div class=\"wpb_wrapper\"><\/div><\/div><\/div><\/div><\/div><\/div><\/div><\/div><div class=\"vc_row-full-width vc_clearfix\"><\/div>","protected":false},"excerpt":{"rendered":"\u0130leti\u015fim Fabrika Ankara Cad. No: 90 \u0130neg\u00f6l \/ Bursa \/ T\u00fcrkiye Tel: +90 224 715 1348 Fax: +90 224 715","protected":false},"author":1,"featured_media":0,"parent":0,"menu_order":10,"comment_status":"closed","ping_status":"closed","template":"","meta":[],"_links":{"self":[{"href":"https:\/\/parlakev.com\/en\/wp-json\/wp\/v2\/pages\/29"}],"collection":[{"href":"https:\/\/parlakev.com\/en\/wp-json\/wp\/v2\/pages"}],"about":[{"href":"https:\/\/parlakev.com\/en\/wp-json\/wp\/v2\/types\/page"}],"author":[{"embeddable":true,"href":"https:\/\/parlakev.com\/en\/wp-json\/wp\/v2\/users\/1"}],"replies":[{"embeddable":true,"href":"https:\/\/parlakev.com\/en\/wp-json\/wp\/v2\/comments?post=29"}],"version-history":[{"count":25,"href":"https:\/\/parlakev.com\/en\/wp-json\/wp\/v2\/pages\/29\/revisions"}],"predecessor-version":[{"id":2137,"href":"https:\/\/parlakev.com\/en\/wp-json\/wp\/v2\/pages\/29\/revisions\/2137"}],"wp:attachment":[{"href":"https:\/\/parlakev.com\/en\/wp-json\/wp\/v2\/media?parent=29"}],"curies":[{"name":"wp","href":"https:\/\/api.w.org\/{rel}","templated":true}]}}