{"id":1439,"date":"2020-05-23T16:51:34","date_gmt":"2020-05-23T13:51:34","guid":{"rendered":"https:\/\/parlakev.com\/?page_id=1439"},"modified":"2021-11-04T03:45:25","modified_gmt":"2021-11-04T00:45:25","slug":"inegol-magaza-2","status":"publish","type":"page","link":"https:\/\/parlakev.com\/en\/inegol-magaza-2\/","title":{"rendered":"\u0130neg\u00f6l Ma\u011faza 360\u00b0 Sanal Tur"},"content":{"rendered":"<div id=\"iletisimsayfasi\" class=\"vc_row wpb_row vc_row-fluid\"><div class=\"wpb_column vc_column_container vc_col-sm-12\"><div class=\"vc_column-inner\"><div class=\"wpb_wrapper\"><div class=\"vc_row wpb_row vc_inner vc_row-fluid\"><div class=\"wpb_column vc_column_container vc_col-sm-12\"><div class=\"vc_column-inner\"><div class=\"wpb_wrapper\">\n\t<div class=\"wpb_text_column wpb_content_element\" >\n\t\t<div class=\"wpb_wrapper\">\n\t\t\t<h2 style=\"text-align: center;\"><strong>Ineg\u00f6l Shop<\/strong><\/h2>\n<p style=\"text-align: center;\">Ankara Cad. No: 90 Ineg\u00f6l \/ Bursa \/ Turkey<br \/>\nPhone: <a href=\"tel:02247151348\">+90 224 715 1348<\/a><br \/>\nPocket: <a href=\"tel:05417151348\">+90 541 715 1348<\/a><\/p>\n\n\t\t<\/div>\n\t<\/div>\n<\/div><\/div><\/div><\/div><\/div><\/div><\/div><\/div><div data-vc-full-width=\"true\" data-vc-full-width-init=\"false\" data-vc-stretch-content=\"true\" class=\"vc_row wpb_row vc_row-fluid vc_row-no-padding\"><div class=\"wpb_column vc_column_container vc_col-sm-12\"><div class=\"vc_column-inner\"><div class=\"wpb_wrapper\"><div class=\"vc_row wpb_row vc_inner vc_row-fluid\"><div class=\"wpb_column vc_column_container vc_col-sm-12\"><div class=\"vc_column-inner\"><div class=\"wpb_wrapper\">\n\t<div class=\"wpb_raw_code wpb_content_element wpb_raw_html\" >\n\t\t<div class=\"wpb_wrapper\">\n\t\t\t<iframe width=\"100%\" height=\"700px\" src=\"https:\/\/my.matterport.com\/show\/?m=jCtvZHtDSPC\" frameborder=\"0\" allowfullscreen allow=\"xr-spatial-tracking\"><\/iframe>\n\t\t<\/div>\n\t<\/div>\n<\/div><\/div><\/div><\/div><\/div><\/div><\/div><\/div><div class=\"vc_row-full-width vc_clearfix\"><\/div>\n<p><iframe loading=\"lazy\" width=\"1120\" height=\"630\" src=\"https:\/\/www.youtube.com\/embed\/O-weLgFjcAI\" title=\"YouTube video player\" frameborder=\"0\" allow=\"accelerometer; autoplay; clipboard-write; encrypted-media; gyroscope; picture-in-picture\" allowfullscreen><\/iframe><\/p>","protected":false},"excerpt":{"rendered":"\u0130neg\u00f6l Ma\u011faza Ankara Cad. No: 90 \u0130neg\u00f6l \/ Bursa \/ T\u00fcrkiye Tel: +90 224 715 1348 Cep: +90 541 715","protected":false},"author":1,"featured_media":0,"parent":0,"menu_order":0,"comment_status":"closed","ping_status":"closed","template":"","meta":[],"_links":{"self":[{"href":"https:\/\/parlakev.com\/en\/wp-json\/wp\/v2\/pages\/1439"}],"collection":[{"href":"https:\/\/parlakev.com\/en\/wp-json\/wp\/v2\/pages"}],"about":[{"href":"https:\/\/parlakev.com\/en\/wp-json\/wp\/v2\/types\/page"}],"author":[{"embeddable":true,"href":"https:\/\/parlakev.com\/en\/wp-json\/wp\/v2\/users\/1"}],"replies":[{"embeddable":true,"href":"https:\/\/parlakev.com\/en\/wp-json\/wp\/v2\/comments?post=1439"}],"version-history":[{"count":10,"href":"https:\/\/parlakev.com\/en\/wp-json\/wp\/v2\/pages\/1439\/revisions"}],"predecessor-version":[{"id":2145,"href":"https:\/\/parlakev.com\/en\/wp-json\/wp\/v2\/pages\/1439\/revisions\/2145"}],"wp:attachment":[{"href":"https:\/\/parlakev.com\/en\/wp-json\/wp\/v2\/media?parent=1439"}],"curies":[{"name":"wp","href":"https:\/\/api.w.org\/{rel}","templated":true}]}}